{"id":20662,"date":"2021-03-28T18:14:23","date_gmt":"2021-03-29T01:14:23","guid":{"rendered":"https:\/\/itac.tucdev.io\/?page_id=20662"},"modified":"2021-04-29T10:27:52","modified_gmt":"2021-04-29T17:27:52","slug":"repertoire-des-membres","status":"publish","type":"page","link":"https:\/\/dev.indigenoustourism.ca\/fr\/a-propos-de-latac\/repertoire-des-membres\/","title":{"rendered":"R\u00e9pertoire des membres"},"content":{"rendered":"<p>L\u2019ATAC est l\u2019association nationale de l\u2019industrie ayant le mandat de repr\u00e9senter et de promouvoir le tourisme autochtone authentique par le biais du d\u00e9veloppement, du marketing, du leadership et des partenariats. L\u2019ATAC met en valeur les entreprises touristiques commercialisables des Premi\u00e8res Nations, Inuit et M\u00e9tis de l\u2019ensemble du pays aupr\u00e8s des visiteurs internationaux.<\/p>\n<p>L\u2019association incarne la voix unifi\u00e9e de l\u2019industrie touristique autochtone aupr\u00e8s des visiteurs, des organisations, des minist\u00e8res et des chefs de file de l\u2019industrie afin de soutenir la croissance du tourisme autochtone au Canada.<\/p>\n","protected":false},"excerpt":{"rendered":"<p>L\u2019ATAC est l\u2019association nationale de l\u2019industrie ayant le mandat de repr\u00e9senter et de promouvoir le tourisme autochtone authentique par le biais du d\u00e9veloppement, du marketing, du leadership et des partenariats. L\u2019ATAC met en valeur les entreprises touristiques commercialisables des Premi\u00e8res Nations, Inuit et M\u00e9tis de l\u2019ensemble du pays aupr\u00e8s des visiteurs internationaux. L\u2019association incarne la [&hellip;]<\/p>\n","protected":false},"author":1,"featured_media":0,"parent":20292,"menu_order":0,"comment_status":"closed","ping_status":"closed","template":"page-templates\/page-member-directory.php","meta":[],"acf":[],"yoast_head":"<!-- This site is optimized with the Yoast SEO plugin v20.1 - https:\/\/yoast.com\/wordpress\/plugins\/seo\/ -->\n<title>R\u00e9pertoire des membres - Indigenous Tourism Association of Canada - DEV<\/title>\n<meta name=\"description\" content=\"L\u2019ATAC repr\u00e9sente des entreprises touristiques d\u00e9tenues et dirig\u00e9es par des Autochtones de partout au pays. Consultez la liste compl\u00e8te de nos membres ici.\" \/>\n<meta name=\"robots\" content=\"noindex, follow, max-snippet:-1, max-image-preview:large, max-video-preview:-1\" \/>\n<meta property=\"og:locale\" content=\"fr_FR\" \/>\n<meta property=\"og:type\" content=\"article\" \/>\n<meta property=\"og:title\" content=\"R\u00e9pertoire des membres - Indigenous Tourism Association of Canada - DEV\" \/>\n<meta property=\"og:description\" content=\"L\u2019ATAC repr\u00e9sente des entreprises touristiques d\u00e9tenues et dirig\u00e9es par des Autochtones de partout au pays. Consultez la liste compl\u00e8te de nos membres ici.\" \/>\n<meta property=\"og:url\" content=\"https:\/\/dev.indigenoustourism.ca\/fr\/a-propos-de-latac\/repertoire-des-membres\/\" \/>\n<meta property=\"og:site_name\" content=\"Indigenous Tourism Association of Canada - DEV\" \/>\n<meta property=\"article:modified_time\" content=\"2021-04-29T17:27:52+00:00\" \/>\n<meta property=\"og:image\" content=\"https:\/\/dev.indigenoustourism.ca\/wp-content\/uploads\/2020\/03\/ITAC-Fallback-Image.jpg\" \/>\n\t<meta property=\"og:image:width\" content=\"1920\" \/>\n\t<meta property=\"og:image:height\" content=\"1080\" \/>\n\t<meta property=\"og:image:type\" content=\"image\/jpeg\" \/>\n<meta name=\"twitter:card\" content=\"summary_large_image\" \/>\n<meta name=\"twitter:site\" content=\"@itac_corporate\" \/>\n<meta name=\"twitter:label1\" content=\"Dur\u00e9e de lecture estim\u00e9e\" \/>\n\t<meta name=\"twitter:data1\" content=\"1 minute\" \/>\n<script type=\"application\/ld+json\" class=\"yoast-schema-graph\">{\"@context\":\"https:\/\/schema.org\",\"@graph\":[{\"@type\":\"WebPage\",\"@id\":\"https:\/\/dev.indigenoustourism.ca\/fr\/a-propos-de-latac\/repertoire-des-membres\/\",\"url\":\"https:\/\/dev.indigenoustourism.ca\/fr\/a-propos-de-latac\/repertoire-des-membres\/\",\"name\":\"R\u00e9pertoire des membres - Indigenous Tourism Association of Canada - DEV\",\"isPartOf\":{\"@id\":\"https:\/\/dev.indigenoustourism.ca\/#website\"},\"datePublished\":\"2021-03-29T01:14:23+00:00\",\"dateModified\":\"2021-04-29T17:27:52+00:00\",\"description\":\"L\u2019ATAC repr\u00e9sente des entreprises touristiques d\u00e9tenues et dirig\u00e9es par des Autochtones de partout au pays. Consultez la liste compl\u00e8te de nos membres ici.\",\"breadcrumb\":{\"@id\":\"https:\/\/dev.indigenoustourism.ca\/fr\/a-propos-de-latac\/repertoire-des-membres\/#breadcrumb\"},\"inLanguage\":\"fr-FR\",\"potentialAction\":[{\"@type\":\"ReadAction\",\"target\":[\"https:\/\/dev.indigenoustourism.ca\/fr\/a-propos-de-latac\/repertoire-des-membres\/\"]}]},{\"@type\":\"BreadcrumbList\",\"@id\":\"https:\/\/dev.indigenoustourism.ca\/fr\/a-propos-de-latac\/repertoire-des-membres\/#breadcrumb\",\"itemListElement\":[{\"@type\":\"ListItem\",\"position\":1,\"name\":\"Home\",\"item\":\"https:\/\/dev.indigenoustourism.ca\/fr\/\"},{\"@type\":\"ListItem\",\"position\":2,\"name\":\"\u00c0 propos de l\u2019ATAC\",\"item\":\"https:\/\/dev.indigenoustourism.ca\/fr\/a-propos-de-latac\/\"},{\"@type\":\"ListItem\",\"position\":3,\"name\":\"R\u00e9pertoire des membres\"}]},{\"@type\":\"WebSite\",\"@id\":\"https:\/\/dev.indigenoustourism.ca\/#website\",\"url\":\"https:\/\/dev.indigenoustourism.ca\/\",\"name\":\"Indigenous Tourism Association of Canada - DEV\",\"description\":\"Corporate\",\"publisher\":{\"@id\":\"https:\/\/dev.indigenoustourism.ca\/#organization\"},\"potentialAction\":[{\"@type\":\"SearchAction\",\"target\":{\"@type\":\"EntryPoint\",\"urlTemplate\":\"https:\/\/dev.indigenoustourism.ca\/?s={search_term_string}\"},\"query-input\":\"required name=search_term_string\"}],\"inLanguage\":\"fr-FR\"},{\"@type\":\"Organization\",\"@id\":\"https:\/\/dev.indigenoustourism.ca\/#organization\",\"name\":\"Indigenous Tourism Association of Canada\",\"url\":\"https:\/\/dev.indigenoustourism.ca\/\",\"logo\":{\"@type\":\"ImageObject\",\"inLanguage\":\"fr-FR\",\"@id\":\"https:\/\/dev.indigenoustourism.ca\/#\/schema\/logo\/image\/\",\"url\":\"https:\/\/dev.indigenoustourism.ca\/wp-content\/uploads\/2018\/02\/ITAC-logo-corporate-bilingual-standard@300x.png\",\"contentUrl\":\"https:\/\/dev.indigenoustourism.ca\/wp-content\/uploads\/2018\/02\/ITAC-logo-corporate-bilingual-standard@300x.png\",\"width\":2408,\"height\":701,\"caption\":\"Indigenous Tourism Association of Canada\"},\"image\":{\"@id\":\"https:\/\/dev.indigenoustourism.ca\/#\/schema\/logo\/image\/\"},\"sameAs\":[\"https:\/\/twitter.com\/itac_corporate\"]}]}<\/script>\n<!-- \/ Yoast SEO plugin. -->","yoast_head_json":{"title":"R\u00e9pertoire des membres - Indigenous Tourism Association of Canada - DEV","description":"L\u2019ATAC repr\u00e9sente des entreprises touristiques d\u00e9tenues et dirig\u00e9es par des Autochtones de partout au pays. Consultez la liste compl\u00e8te de nos membres ici.","robots":{"index":"noindex","follow":"follow","max-snippet":"max-snippet:-1","max-image-preview":"max-image-preview:large","max-video-preview":"max-video-preview:-1"},"og_locale":"fr_FR","og_type":"article","og_title":"R\u00e9pertoire des membres - Indigenous Tourism Association of Canada - DEV","og_description":"L\u2019ATAC repr\u00e9sente des entreprises touristiques d\u00e9tenues et dirig\u00e9es par des Autochtones de partout au pays. Consultez la liste compl\u00e8te de nos membres ici.","og_url":"https:\/\/dev.indigenoustourism.ca\/fr\/a-propos-de-latac\/repertoire-des-membres\/","og_site_name":"Indigenous Tourism Association of Canada - DEV","article_modified_time":"2021-04-29T17:27:52+00:00","og_image":[{"width":1920,"height":1080,"url":"https:\/\/dev.indigenoustourism.ca\/wp-content\/uploads\/2020\/03\/ITAC-Fallback-Image.jpg","type":"image\/jpeg"}],"twitter_card":"summary_large_image","twitter_site":"@itac_corporate","twitter_misc":{"Dur\u00e9e de lecture estim\u00e9e":"1 minute"},"schema":{"@context":"https:\/\/schema.org","@graph":[{"@type":"WebPage","@id":"https:\/\/dev.indigenoustourism.ca\/fr\/a-propos-de-latac\/repertoire-des-membres\/","url":"https:\/\/dev.indigenoustourism.ca\/fr\/a-propos-de-latac\/repertoire-des-membres\/","name":"R\u00e9pertoire des membres - Indigenous Tourism Association of Canada - DEV","isPartOf":{"@id":"https:\/\/dev.indigenoustourism.ca\/#website"},"datePublished":"2021-03-29T01:14:23+00:00","dateModified":"2021-04-29T17:27:52+00:00","description":"L\u2019ATAC repr\u00e9sente des entreprises touristiques d\u00e9tenues et dirig\u00e9es par des Autochtones de partout au pays. Consultez la liste compl\u00e8te de nos membres ici.","breadcrumb":{"@id":"https:\/\/dev.indigenoustourism.ca\/fr\/a-propos-de-latac\/repertoire-des-membres\/#breadcrumb"},"inLanguage":"fr-FR","potentialAction":[{"@type":"ReadAction","target":["https:\/\/dev.indigenoustourism.ca\/fr\/a-propos-de-latac\/repertoire-des-membres\/"]}]},{"@type":"BreadcrumbList","@id":"https:\/\/dev.indigenoustourism.ca\/fr\/a-propos-de-latac\/repertoire-des-membres\/#breadcrumb","itemListElement":[{"@type":"ListItem","position":1,"name":"Home","item":"https:\/\/dev.indigenoustourism.ca\/fr\/"},{"@type":"ListItem","position":2,"name":"\u00c0 propos de l\u2019ATAC","item":"https:\/\/dev.indigenoustourism.ca\/fr\/a-propos-de-latac\/"},{"@type":"ListItem","position":3,"name":"R\u00e9pertoire des membres"}]},{"@type":"WebSite","@id":"https:\/\/dev.indigenoustourism.ca\/#website","url":"https:\/\/dev.indigenoustourism.ca\/","name":"Indigenous Tourism Association of Canada - DEV","description":"Corporate","publisher":{"@id":"https:\/\/dev.indigenoustourism.ca\/#organization"},"potentialAction":[{"@type":"SearchAction","target":{"@type":"EntryPoint","urlTemplate":"https:\/\/dev.indigenoustourism.ca\/?s={search_term_string}"},"query-input":"required name=search_term_string"}],"inLanguage":"fr-FR"},{"@type":"Organization","@id":"https:\/\/dev.indigenoustourism.ca\/#organization","name":"Indigenous Tourism Association of Canada","url":"https:\/\/dev.indigenoustourism.ca\/","logo":{"@type":"ImageObject","inLanguage":"fr-FR","@id":"https:\/\/dev.indigenoustourism.ca\/#\/schema\/logo\/image\/","url":"https:\/\/dev.indigenoustourism.ca\/wp-content\/uploads\/2018\/02\/ITAC-logo-corporate-bilingual-standard@300x.png","contentUrl":"https:\/\/dev.indigenoustourism.ca\/wp-content\/uploads\/2018\/02\/ITAC-logo-corporate-bilingual-standard@300x.png","width":2408,"height":701,"caption":"Indigenous Tourism Association of Canada"},"image":{"@id":"https:\/\/dev.indigenoustourism.ca\/#\/schema\/logo\/image\/"},"sameAs":["https:\/\/twitter.com\/itac_corporate"]}]}},"_links":{"self":[{"href":"https:\/\/dev.indigenoustourism.ca\/fr\/wp-json\/wp\/v2\/pages\/20662"}],"collection":[{"href":"https:\/\/dev.indigenoustourism.ca\/fr\/wp-json\/wp\/v2\/pages"}],"about":[{"href":"https:\/\/dev.indigenoustourism.ca\/fr\/wp-json\/wp\/v2\/types\/page"}],"author":[{"embeddable":true,"href":"https:\/\/dev.indigenoustourism.ca\/fr\/wp-json\/wp\/v2\/users\/1"}],"replies":[{"embeddable":true,"href":"https:\/\/dev.indigenoustourism.ca\/fr\/wp-json\/wp\/v2\/comments?post=20662"}],"version-history":[{"count":0,"href":"https:\/\/dev.indigenoustourism.ca\/fr\/wp-json\/wp\/v2\/pages\/20662\/revisions"}],"up":[{"embeddable":true,"href":"https:\/\/dev.indigenoustourism.ca\/fr\/wp-json\/wp\/v2\/pages\/20292"}],"wp:attachment":[{"href":"https:\/\/dev.indigenoustourism.ca\/fr\/wp-json\/wp\/v2\/media?parent=20662"}],"curies":[{"name":"wp","href":"https:\/\/api.w.org\/{rel}","templated":true}]}}