{"id":20678,"date":"2021-03-28T18:25:19","date_gmt":"2021-03-29T01:25:19","guid":{"rendered":"https:\/\/itac.tucdev.io\/?page_id=20678"},"modified":"2023-03-23T09:23:17","modified_gmt":"2023-03-23T16:23:17","slug":"rapports-et-projets","status":"publish","type":"page","link":"https:\/\/dev.indigenoustourism.ca\/fr\/rapports-et-projets\/","title":{"rendered":"Rapports et projets"},"content":{"rendered":"","protected":false},"excerpt":{"rendered":"","protected":false},"author":1,"featured_media":0,"parent":0,"menu_order":0,"comment_status":"closed","ping_status":"closed","template":"page-templates\/page-plans-reports.php","meta":[],"acf":[],"yoast_head":"<!-- This site is optimized with the Yoast SEO plugin v20.1 - https:\/\/yoast.com\/wordpress\/plugins\/seo\/ -->\n<title>Rapports et projets - Indigenous Tourism Association of Canada - DEV<\/title>\n<meta name=\"description\" content=\"Dans notre section Rapports et projets, vous trouverez des rapports d\u2019\u00e9tape, des documents de strat\u00e9gie, des manuels, des proc\u00e8s-verbaux et des plans d&#039;action.\" \/>\n<meta name=\"robots\" content=\"noindex, follow, max-snippet:-1, max-image-preview:large, max-video-preview:-1\" \/>\n<meta property=\"og:locale\" content=\"fr_FR\" \/>\n<meta property=\"og:type\" content=\"article\" \/>\n<meta property=\"og:title\" content=\"Rapports et projets - Indigenous Tourism Association of Canada - DEV\" \/>\n<meta property=\"og:description\" content=\"Dans notre section Rapports et projets, vous trouverez des rapports d\u2019\u00e9tape, des documents de strat\u00e9gie, des manuels, des proc\u00e8s-verbaux et des plans d&#039;action.\" \/>\n<meta property=\"og:url\" content=\"https:\/\/dev.indigenoustourism.ca\/fr\/rapports-et-projets\/\" \/>\n<meta property=\"og:site_name\" content=\"Indigenous Tourism Association of Canada - DEV\" \/>\n<meta property=\"article:modified_time\" content=\"2023-03-23T16:23:17+00:00\" \/>\n<meta property=\"og:image\" content=\"https:\/\/dev.indigenoustourism.ca\/wp-content\/uploads\/2020\/03\/ITAC-Fallback-Image.jpg\" \/>\n\t<meta property=\"og:image:width\" content=\"1920\" \/>\n\t<meta property=\"og:image:height\" content=\"1080\" \/>\n\t<meta property=\"og:image:type\" content=\"image\/jpeg\" \/>\n<meta name=\"twitter:card\" content=\"summary_large_image\" \/>\n<meta name=\"twitter:site\" content=\"@itac_corporate\" \/>\n<script type=\"application\/ld+json\" class=\"yoast-schema-graph\">{\"@context\":\"https:\/\/schema.org\",\"@graph\":[{\"@type\":\"WebPage\",\"@id\":\"https:\/\/dev.indigenoustourism.ca\/fr\/rapports-et-projets\/\",\"url\":\"https:\/\/dev.indigenoustourism.ca\/fr\/rapports-et-projets\/\",\"name\":\"Rapports et projets - Indigenous Tourism Association of Canada - DEV\",\"isPartOf\":{\"@id\":\"https:\/\/dev.indigenoustourism.ca\/#website\"},\"datePublished\":\"2021-03-29T01:25:19+00:00\",\"dateModified\":\"2023-03-23T16:23:17+00:00\",\"description\":\"Dans notre section Rapports et projets, vous trouverez des rapports d\u2019\u00e9tape, des documents de strat\u00e9gie, des manuels, des proc\u00e8s-verbaux et des plans d'action.\",\"breadcrumb\":{\"@id\":\"https:\/\/dev.indigenoustourism.ca\/fr\/rapports-et-projets\/#breadcrumb\"},\"inLanguage\":\"fr-FR\",\"potentialAction\":[{\"@type\":\"ReadAction\",\"target\":[\"https:\/\/dev.indigenoustourism.ca\/fr\/rapports-et-projets\/\"]}]},{\"@type\":\"BreadcrumbList\",\"@id\":\"https:\/\/dev.indigenoustourism.ca\/fr\/rapports-et-projets\/#breadcrumb\",\"itemListElement\":[{\"@type\":\"ListItem\",\"position\":1,\"name\":\"Home\",\"item\":\"https:\/\/dev.indigenoustourism.ca\/fr\/\"},{\"@type\":\"ListItem\",\"position\":2,\"name\":\"Rapports et projets\"}]},{\"@type\":\"WebSite\",\"@id\":\"https:\/\/dev.indigenoustourism.ca\/#website\",\"url\":\"https:\/\/dev.indigenoustourism.ca\/\",\"name\":\"Indigenous Tourism Association of Canada - DEV\",\"description\":\"Corporate\",\"publisher\":{\"@id\":\"https:\/\/dev.indigenoustourism.ca\/#organization\"},\"potentialAction\":[{\"@type\":\"SearchAction\",\"target\":{\"@type\":\"EntryPoint\",\"urlTemplate\":\"https:\/\/dev.indigenoustourism.ca\/?s={search_term_string}\"},\"query-input\":\"required name=search_term_string\"}],\"inLanguage\":\"fr-FR\"},{\"@type\":\"Organization\",\"@id\":\"https:\/\/dev.indigenoustourism.ca\/#organization\",\"name\":\"Indigenous Tourism Association of Canada\",\"url\":\"https:\/\/dev.indigenoustourism.ca\/\",\"logo\":{\"@type\":\"ImageObject\",\"inLanguage\":\"fr-FR\",\"@id\":\"https:\/\/dev.indigenoustourism.ca\/#\/schema\/logo\/image\/\",\"url\":\"https:\/\/dev.indigenoustourism.ca\/wp-content\/uploads\/2018\/02\/ITAC-logo-corporate-bilingual-standard@300x.png\",\"contentUrl\":\"https:\/\/dev.indigenoustourism.ca\/wp-content\/uploads\/2018\/02\/ITAC-logo-corporate-bilingual-standard@300x.png\",\"width\":2408,\"height\":701,\"caption\":\"Indigenous Tourism Association of Canada\"},\"image\":{\"@id\":\"https:\/\/dev.indigenoustourism.ca\/#\/schema\/logo\/image\/\"},\"sameAs\":[\"https:\/\/twitter.com\/itac_corporate\"]}]}<\/script>\n<!-- \/ Yoast SEO plugin. -->","yoast_head_json":{"title":"Rapports et projets - Indigenous Tourism Association of Canada - DEV","description":"Dans notre section Rapports et projets, vous trouverez des rapports d\u2019\u00e9tape, des documents de strat\u00e9gie, des manuels, des proc\u00e8s-verbaux et des plans d'action.","robots":{"index":"noindex","follow":"follow","max-snippet":"max-snippet:-1","max-image-preview":"max-image-preview:large","max-video-preview":"max-video-preview:-1"},"og_locale":"fr_FR","og_type":"article","og_title":"Rapports et projets - Indigenous Tourism Association of Canada - DEV","og_description":"Dans notre section Rapports et projets, vous trouverez des rapports d\u2019\u00e9tape, des documents de strat\u00e9gie, des manuels, des proc\u00e8s-verbaux et des plans d'action.","og_url":"https:\/\/dev.indigenoustourism.ca\/fr\/rapports-et-projets\/","og_site_name":"Indigenous Tourism Association of Canada - DEV","article_modified_time":"2023-03-23T16:23:17+00:00","og_image":[{"width":1920,"height":1080,"url":"https:\/\/dev.indigenoustourism.ca\/wp-content\/uploads\/2020\/03\/ITAC-Fallback-Image.jpg","type":"image\/jpeg"}],"twitter_card":"summary_large_image","twitter_site":"@itac_corporate","schema":{"@context":"https:\/\/schema.org","@graph":[{"@type":"WebPage","@id":"https:\/\/dev.indigenoustourism.ca\/fr\/rapports-et-projets\/","url":"https:\/\/dev.indigenoustourism.ca\/fr\/rapports-et-projets\/","name":"Rapports et projets - Indigenous Tourism Association of Canada - DEV","isPartOf":{"@id":"https:\/\/dev.indigenoustourism.ca\/#website"},"datePublished":"2021-03-29T01:25:19+00:00","dateModified":"2023-03-23T16:23:17+00:00","description":"Dans notre section Rapports et projets, vous trouverez des rapports d\u2019\u00e9tape, des documents de strat\u00e9gie, des manuels, des proc\u00e8s-verbaux et des plans d'action.","breadcrumb":{"@id":"https:\/\/dev.indigenoustourism.ca\/fr\/rapports-et-projets\/#breadcrumb"},"inLanguage":"fr-FR","potentialAction":[{"@type":"ReadAction","target":["https:\/\/dev.indigenoustourism.ca\/fr\/rapports-et-projets\/"]}]},{"@type":"BreadcrumbList","@id":"https:\/\/dev.indigenoustourism.ca\/fr\/rapports-et-projets\/#breadcrumb","itemListElement":[{"@type":"ListItem","position":1,"name":"Home","item":"https:\/\/dev.indigenoustourism.ca\/fr\/"},{"@type":"ListItem","position":2,"name":"Rapports et projets"}]},{"@type":"WebSite","@id":"https:\/\/dev.indigenoustourism.ca\/#website","url":"https:\/\/dev.indigenoustourism.ca\/","name":"Indigenous Tourism Association of Canada - DEV","description":"Corporate","publisher":{"@id":"https:\/\/dev.indigenoustourism.ca\/#organization"},"potentialAction":[{"@type":"SearchAction","target":{"@type":"EntryPoint","urlTemplate":"https:\/\/dev.indigenoustourism.ca\/?s={search_term_string}"},"query-input":"required name=search_term_string"}],"inLanguage":"fr-FR"},{"@type":"Organization","@id":"https:\/\/dev.indigenoustourism.ca\/#organization","name":"Indigenous Tourism Association of Canada","url":"https:\/\/dev.indigenoustourism.ca\/","logo":{"@type":"ImageObject","inLanguage":"fr-FR","@id":"https:\/\/dev.indigenoustourism.ca\/#\/schema\/logo\/image\/","url":"https:\/\/dev.indigenoustourism.ca\/wp-content\/uploads\/2018\/02\/ITAC-logo-corporate-bilingual-standard@300x.png","contentUrl":"https:\/\/dev.indigenoustourism.ca\/wp-content\/uploads\/2018\/02\/ITAC-logo-corporate-bilingual-standard@300x.png","width":2408,"height":701,"caption":"Indigenous Tourism Association of Canada"},"image":{"@id":"https:\/\/dev.indigenoustourism.ca\/#\/schema\/logo\/image\/"},"sameAs":["https:\/\/twitter.com\/itac_corporate"]}]}},"_links":{"self":[{"href":"https:\/\/dev.indigenoustourism.ca\/fr\/wp-json\/wp\/v2\/pages\/20678"}],"collection":[{"href":"https:\/\/dev.indigenoustourism.ca\/fr\/wp-json\/wp\/v2\/pages"}],"about":[{"href":"https:\/\/dev.indigenoustourism.ca\/fr\/wp-json\/wp\/v2\/types\/page"}],"author":[{"embeddable":true,"href":"https:\/\/dev.indigenoustourism.ca\/fr\/wp-json\/wp\/v2\/users\/1"}],"replies":[{"embeddable":true,"href":"https:\/\/dev.indigenoustourism.ca\/fr\/wp-json\/wp\/v2\/comments?post=20678"}],"version-history":[{"count":0,"href":"https:\/\/dev.indigenoustourism.ca\/fr\/wp-json\/wp\/v2\/pages\/20678\/revisions"}],"wp:attachment":[{"href":"https:\/\/dev.indigenoustourism.ca\/fr\/wp-json\/wp\/v2\/media?parent=20678"}],"curies":[{"name":"wp","href":"https:\/\/api.w.org\/{rel}","templated":true}]}}