{"id":9333,"date":"2019-01-17T09:22:19","date_gmt":"2019-01-17T17:22:19","guid":{"rendered":"https:\/\/indigenoustourism.ca\/corporate\/?page_id=9333"},"modified":"2021-04-22T15:09:02","modified_gmt":"2021-04-22T22:09:02","slug":"adhesion-a-latac","status":"publish","type":"page","link":"https:\/\/dev.indigenoustourism.ca\/fr\/adhesion-a-latac\/","title":{"rendered":"Adh\u00e9sion \u00e0 l&rsquo;ATAC"},"content":{"rendered":"<p>En tant que membre de l\u2019ATAC, vous b\u00e9n\u00e9ficiez de nombreux avantages et possibilit\u00e9s pour d\u00e9velopper votre entreprise. Toute personne ou organisation qui souhaite faire avancer le tourisme autochtone au Canada peut faire une demande pour devenir membre de l\u2019ATAC.<\/p>\n<p>Les membres de l\u2019ATAC ont la possibilit\u00e9 de participer aux programmes de marketing, de ventes et de d\u00e9veloppement des affaires. Les membres qui ont le statut \u00ab\u00a0commercialisable\u00a0\u00bb et dont au moins 51 % des parts sont d\u00e9tenues par les Autochtones ont \u00e9galement la possibilit\u00e9 de faire partie de la liste des membres sur le site <a href=\"https:\/\/destinationindigenous.ca\" target=\"_blank\" rel=\"noopener noreferrer\">DestinationIndigenous.ca<\/a> et de figurer dans le <a href=\"https:\/\/dev.indigenoustourism.ca\/fr\/nations-magazine-art-de-vivre-autochtone\/\" target=\"_blank\" rel=\"noopener noreferrer\">Magazine art de vivre autochtone<\/a>.<\/p>\n<p>&nbsp;<\/p>\n<p><img decoding=\"async\" loading=\"lazy\" class=\"aligncenter size-full wp-image-15029\" src=\"https:\/\/dev.indigenoustourism.ca\/wp-content\/uploads\/2020\/12\/2021-22-Membership-Guide-Image-FR.jpeg\" alt=\"\" width=\"1160\" height=\"896\" srcset=\"https:\/\/dev.indigenoustourism.ca\/wp-content\/uploads\/2020\/12\/2021-22-Membership-Guide-Image-FR.jpeg 1160w, https:\/\/dev.indigenoustourism.ca\/wp-content\/uploads\/2020\/12\/2021-22-Membership-Guide-Image-FR-554x428.jpeg 554w, https:\/\/dev.indigenoustourism.ca\/wp-content\/uploads\/2020\/12\/2021-22-Membership-Guide-Image-FR-663x512.jpeg 663w, https:\/\/dev.indigenoustourism.ca\/wp-content\/uploads\/2020\/12\/2021-22-Membership-Guide-Image-FR-317x245.jpeg 317w, https:\/\/dev.indigenoustourism.ca\/wp-content\/uploads\/2020\/12\/2021-22-Membership-Guide-Image-FR-768x593.jpeg 768w, https:\/\/dev.indigenoustourism.ca\/wp-content\/uploads\/2020\/12\/2021-22-Membership-Guide-Image-FR-215x166.jpeg 215w, https:\/\/dev.indigenoustourism.ca\/wp-content\/uploads\/2020\/12\/2021-22-Membership-Guide-Image-FR-440x340.jpeg 440w, https:\/\/dev.indigenoustourism.ca\/wp-content\/uploads\/2020\/12\/2021-22-Membership-Guide-Image-FR-610x471.jpeg 610w\" sizes=\"(max-width: 1160px) 100vw, 1160px\" \/><\/p>\n<h4><strong>Faire une demande pour devenir membre de l\u2019ATAC<\/strong><\/h4>\n<p>Vous pouvez faire une demande et payer les frais d\u2019adh\u00e9sion en ligne. Si vous pr\u00e9f\u00e9rez, vous pouvez \u00e9galement imprimer la trousse de demande d\u2019adh\u00e9sion 2021 et soumettre votre demande accompagn\u00e9e d\u2019un ch\u00e8que ou traite bancaire par la poste.<\/p>\n<ul style=\"padding-top: 1px;\">\n<li><a href=\"https:\/\/dev.indigenoustourism.ca\/wp-content\/uploads\/2020\/12\/20-12-ITAC-membership-guide-FR-v7.pdf\" target=\"_blank\" rel=\"noopener noreferrer\">Trousse de demande d&rsquo;adh\u00e9sion 2021<\/a><\/li>\n<li><a href=\"https:\/\/dev.indigenoustourism.ca\/wp-content\/uploads\/2020\/12\/20-12-ITAC-Membership-Application-Package-2021-FR-v2.pdf\" target=\"_blank\" rel=\"noopener noreferrer\">Guide du programme d&rsquo;adh\u00e9sion 2021<\/a><\/li>\n<\/ul>\n<p><strong>Les demandes d&rsquo;adh\u00e9sion doivent \u00eatre soumises le 31 mars 2021.<\/strong><\/p>\n<h2>Renouvellement<\/h2>\n<p>Si vous cherchez \u00e0 RENOUVELER votre membership, vous devez utiliser le lien de renouvellement que vous avez re\u00e7u par courriel. Si vous n&rsquo;avez pas re\u00e7u votre courriel de renouvellement, veuillez contacter notre \u00e9quipe \u00e0 l&rsquo;adresse\u00a0<span lang=\"FR-CA\">:<\/span>\u00a0<a href=\"mailto:Membership@IndigenousTourism.ca\">Membership@IndigenousTourism.ca<\/a>.<\/p>\n<p>Les renouvellements d\u2019adh\u00e9sion doivent \u00eatre faits d\u2019ici le <strong>31 mars 2021<\/strong>.<\/p>\n<h2><strong>Informations sur l\u2019adh\u00e9sion<\/strong><\/h2>\n<p>L\u2019ATAC est une association par et pour ses membres. C\u2019est gr\u00e2ce \u00e0 votre participation que nous pouvons continuer \u00e0 d\u00e9fendre vos int\u00e9r\u00eats. Alors que la crise du COVID-19 continue de s\u00e9vir, il est essentiel que nos communaut\u00e9s, nos entreprises et notre industrie du tourisme autochtone restent unis.<\/p>\n<p>Pour soutenir nos membres en ces temps incertains, nous supprimons les frais d&rsquo;adh\u00e9sion de 99 $ pour 2021-2022 pour les entreprises touristiques appartenant \u00e0 des Autochtones et les organisations touristiques dirig\u00e9es par des Autochtones. Nous annulons \u00e9galement les frais de mise \u00e0 niveau marketing de 199 $ pour les membres qui sont pr\u00eats \u00e0 l\u2019exportation et qui r\u00e9pondent \u00e0 toutes nos crit\u00e8res d\u2019admissibilit\u00e9.<\/p>\n<p>Si vous avez d\u00e9j\u00e0 soumis une demande d\u2019adh\u00e9sion ou de renouvellement, nous tenons \u00e0 vous remercier pour votre soutien continu \u00e0 la croissance du tourisme autochtone. Nous cr\u00e9diterons le montant pay\u00e9 pour votre adh\u00e9sion de l&rsquo;ann\u00e9e prochaine ou, si n\u00e9cessaire, nous vous le rembourserons.<\/p>\n<p>Pour plus d\u2019informations sur les avantages d\u2019adh\u00e9sion et les exigences relatives aux demandes, veuillez consulter la <a href=\"https:\/\/dev.indigenoustourism.ca\/wp-content\/uploads\/2020\/12\/20-12-ITAC-Membership-Application-Package-2020-FR-v1.pdf\" target=\"_blank\" rel=\"noopener noreferrer\">Trousse de demande d\u2019adh\u00e9sion 2021<\/a>.<\/p>\n<h2 id=\"types\"><strong>TYPES D\u2019ADH\u00c9SION<\/strong><\/h2>\n<h4><strong>Exp\u00e9rience touristique autochtone commercialisable<\/strong><\/h4>\n<h3>Membre votant<\/h3>\n<p>Une exp\u00e9rience touristique offerte par une entreprise dont au moins 51 % des parts appartiennent aux Autochtones et qui se conforme \u00e0 <a href=\"https:\/\/dev.indigenoustourism.ca\/wp-content\/uploads\/2020\/01\/20-01-ITAC-Market-Ready-Checklist-FR.pdf\" target=\"_blank\" rel=\"noopener noreferrer\">la liste de v\u00e9rification de l\u2019ATAC sp\u00e9cifiant les crit\u00e8res pour le statut commercialisable<\/a> incluant les suivants : poss\u00e9der tous les permis, licences et assurances n\u00e9cessaires; avoir un lieu d\u2019affaires dot\u00e9 d\u2019un personnel et d\u2019heures d\u2019ouverture fixes; \u00eatre joignable toute l\u2019ann\u00e9e; avoir des panneaux de signalisation sur le site. <em>Il n&rsquo;y a pas de frais d&rsquo;adh\u00e9sion pour les exp\u00e9riences touristiques autochtones commercialisables en 2021-2022.<\/em><\/p>\n<h4><strong>Association touristique autochtone<\/strong><\/h4>\n<h3>Membre votant<\/h3>\n<p>Une association touristique g\u00e9r\u00e9e majoritairement par des administrateurs autochtones et qui repr\u00e9sente des entreprises touristiques dont au moins 51 % des parts appartiennent aux Autochtones, qui se conforment \u00e0 <a href=\"https:\/\/dev.indigenoustourism.ca\/wp-content\/uploads\/2020\/01\/20-01-ITAC-Market-Ready-Checklist-FR.pdf\" target=\"_blank\" rel=\"noopener noreferrer\">la liste de v\u00e9rification de l\u2019ATAC sp\u00e9cifiant les crit\u00e8res pour le statut commercialisable<\/a> et qui r\u00e9pondent ou d\u00e9passent les normes en mati\u00e8re d\u2019assurance de la qualit\u00e9 et d\u2019authentification \u00e9tablies par l\u2019ATAC. <em>Il n&rsquo;y a aucun frais d&rsquo;adh\u00e9sion pour les associations touristiques autochtones en 2021-2022.<\/em><\/p>\n<h4><strong>Exp\u00e9rience touristique autochtone non-commercialisable<\/strong><\/h4>\n<h3>Membre non-votant<\/h3>\n<p>Une entreprise touristique d\u00e9tenue ou contr\u00f4l\u00e9e par des Autochtones et qui ne r\u00e9pond pas aux crit\u00e8res pour le statut commercialisable sp\u00e9cifi\u00e9s dans la <a href=\"https:\/\/dev.indigenoustourism.ca\/wp-content\/uploads\/2019\/02\/19-01-ITAC-Membership-Application-Package-FR-market-ready-checklist.pdf\" target=\"_blank\" rel=\"noopener noreferrer\">liste de v\u00e9rification de l\u2019ATAC<\/a>. <em>Il n&rsquo;y a pas de frais d&rsquo;adh\u00e9sion pour les exp\u00e9riences touristiques autochtones non-commercialisables en 2021-2022.<\/em><\/p>\n<h4><strong>Partenaire de l\u2019industrie<\/strong><\/h4>\n<h3>Membre non-votant<\/h3>\n<p>Toute entreprise, organisation ou association (constitu\u00e9e ou non) autochtone\/non autochtone canadienne \u00e0 vocation touristique ou toute personne au Canada souhaitant appuyer la vision et la mission de l\u2019ATAC. <em>Il y a des frais d&rsquo;adh\u00e9sion de 99 $ pour les partenaires de l&rsquo;industrie.<\/em><\/p>\n<h3><strong>OPTION MARKETING (FACULTATIVE)\u00a0<\/strong><\/h3>\n<p><em>Pour les exp\u00e9riences touristiques autochtones commercialisables et les associations touristiques autochtones uniquement.<\/em><\/p>\n<p>Cet avantage marketing est disponible uniquement aux membres votants de l\u2019ATAC qui r\u00e9pondent aux crit\u00e8res pour \u00eatre consid\u00e9r\u00e9s comme exportables. Les demandes avec l\u2019option marketing doivent inclure les <a href=\"https:\/\/dev.indigenoustourism.ca\/wp-content\/uploads\/2020\/01\/20-01-ITAC-Market-Ready-Checklist-FR.pdf\" target=\"_blank\" rel=\"noopener noreferrer\">listes de v\u00e9rification des crit\u00e8res pour le statut commercialisable<\/a> et <a href=\"https:\/\/dev.indigenoustourism.ca\/wp-content\/uploads\/2020\/01\/20-01-ITAC-Export-Ready-Checklist-FR.pdf\" target=\"_blank\" rel=\"noopener noreferrer\">exportable<\/a> afin d\u2019\u00eatre admissibles. <em>Il n\u2019y a pas de frais pour les mises \u00e0 niveau marketing en 2021-22.<\/em><\/p>\n","protected":false},"excerpt":{"rendered":"<p>En tant que membre de l\u2019ATAC, vous b\u00e9n\u00e9ficiez de nombreux avantages et possibilit\u00e9s pour d\u00e9velopper votre entreprise. Toute personne ou organisation qui souhaite faire avancer le tourisme autochtone au Canada peut faire une demande pour devenir membre de l\u2019ATAC. Les membres de l\u2019ATAC ont la possibilit\u00e9 de participer aux programmes de marketing, de ventes et [&hellip;]<\/p>\n","protected":false},"author":1,"featured_media":0,"parent":0,"menu_order":0,"comment_status":"closed","ping_status":"closed","template":"page-templates\/page-membership.php","meta":[],"acf":[],"yoast_head":"<!-- This site is optimized with the Yoast SEO plugin v20.1 - https:\/\/yoast.com\/wordpress\/plugins\/seo\/ -->\n<title>Adh\u00e9sion \u00e0 l&#039;ATAC - Indigenous Tourism Association of Canada - DEV<\/title>\n<meta name=\"description\" content=\"En tant que membre de l\u2019ATAC, vous b\u00e9n\u00e9ficiez de nombreux avantages et possibilit\u00e9s pour d\u00e9velopper votre entreprise. Toute personne ou organisation qui\" \/>\n<meta name=\"robots\" content=\"noindex, follow, max-snippet:-1, max-image-preview:large, max-video-preview:-1\" \/>\n<meta property=\"og:locale\" content=\"fr_FR\" \/>\n<meta property=\"og:type\" content=\"article\" \/>\n<meta property=\"og:title\" content=\"Adh\u00e9sion \u00e0 l&#039;ATAC - Indigenous Tourism Association of Canada - DEV\" \/>\n<meta property=\"og:description\" content=\"En tant que membre de l\u2019ATAC, vous b\u00e9n\u00e9ficiez de nombreux avantages et possibilit\u00e9s pour d\u00e9velopper votre entreprise. Toute personne ou organisation qui\" \/>\n<meta property=\"og:url\" content=\"https:\/\/dev.indigenoustourism.ca\/fr\/adhesion-a-latac\/\" \/>\n<meta property=\"og:site_name\" content=\"Indigenous Tourism Association of Canada - DEV\" \/>\n<meta property=\"article:modified_time\" content=\"2021-04-22T22:09:02+00:00\" \/>\n<meta property=\"og:image\" content=\"https:\/\/dev.indigenoustourism.ca\/wp-content\/uploads\/2020\/04\/ITAC-image-fallbacks-ITAC-Membership-FR.jpg\" \/>\n\t<meta property=\"og:image:width\" content=\"1920\" \/>\n\t<meta property=\"og:image:height\" content=\"1080\" \/>\n\t<meta property=\"og:image:type\" content=\"image\/jpeg\" \/>\n<meta name=\"twitter:card\" content=\"summary_large_image\" \/>\n<meta name=\"twitter:image\" content=\"https:\/\/dev.indigenoustourism.ca\/wp-content\/uploads\/2020\/04\/ITAC-image-fallbacks-ITAC-Membership-FR.jpg\" \/>\n<meta name=\"twitter:site\" content=\"@itac_corporate\" \/>\n<meta name=\"twitter:label1\" content=\"Dur\u00e9e de lecture estim\u00e9e\" \/>\n\t<meta name=\"twitter:data1\" content=\"4 minutes\" \/>\n<script type=\"application\/ld+json\" class=\"yoast-schema-graph\">{\"@context\":\"https:\/\/schema.org\",\"@graph\":[{\"@type\":\"WebPage\",\"@id\":\"https:\/\/dev.indigenoustourism.ca\/fr\/adhesion-a-latac\/\",\"url\":\"https:\/\/dev.indigenoustourism.ca\/fr\/adhesion-a-latac\/\",\"name\":\"Adh\u00e9sion \u00e0 l'ATAC - Indigenous Tourism Association of Canada - DEV\",\"isPartOf\":{\"@id\":\"https:\/\/dev.indigenoustourism.ca\/#website\"},\"datePublished\":\"2019-01-17T17:22:19+00:00\",\"dateModified\":\"2021-04-22T22:09:02+00:00\",\"description\":\"En tant que membre de l\u2019ATAC, vous b\u00e9n\u00e9ficiez de nombreux avantages et possibilit\u00e9s pour d\u00e9velopper votre entreprise. Toute personne ou organisation qui\",\"breadcrumb\":{\"@id\":\"https:\/\/dev.indigenoustourism.ca\/fr\/adhesion-a-latac\/#breadcrumb\"},\"inLanguage\":\"fr-FR\",\"potentialAction\":[{\"@type\":\"ReadAction\",\"target\":[\"https:\/\/dev.indigenoustourism.ca\/fr\/adhesion-a-latac\/\"]}]},{\"@type\":\"BreadcrumbList\",\"@id\":\"https:\/\/dev.indigenoustourism.ca\/fr\/adhesion-a-latac\/#breadcrumb\",\"itemListElement\":[{\"@type\":\"ListItem\",\"position\":1,\"name\":\"Home\",\"item\":\"https:\/\/dev.indigenoustourism.ca\/fr\/\"},{\"@type\":\"ListItem\",\"position\":2,\"name\":\"Adh\u00e9sion \u00e0 l&rsquo;ATAC\"}]},{\"@type\":\"WebSite\",\"@id\":\"https:\/\/dev.indigenoustourism.ca\/#website\",\"url\":\"https:\/\/dev.indigenoustourism.ca\/\",\"name\":\"Indigenous Tourism Association of Canada - DEV\",\"description\":\"Corporate\",\"publisher\":{\"@id\":\"https:\/\/dev.indigenoustourism.ca\/#organization\"},\"potentialAction\":[{\"@type\":\"SearchAction\",\"target\":{\"@type\":\"EntryPoint\",\"urlTemplate\":\"https:\/\/dev.indigenoustourism.ca\/?s={search_term_string}\"},\"query-input\":\"required name=search_term_string\"}],\"inLanguage\":\"fr-FR\"},{\"@type\":\"Organization\",\"@id\":\"https:\/\/dev.indigenoustourism.ca\/#organization\",\"name\":\"Indigenous Tourism Association of Canada\",\"url\":\"https:\/\/dev.indigenoustourism.ca\/\",\"logo\":{\"@type\":\"ImageObject\",\"inLanguage\":\"fr-FR\",\"@id\":\"https:\/\/dev.indigenoustourism.ca\/#\/schema\/logo\/image\/\",\"url\":\"https:\/\/dev.indigenoustourism.ca\/wp-content\/uploads\/2018\/02\/ITAC-logo-corporate-bilingual-standard@300x.png\",\"contentUrl\":\"https:\/\/dev.indigenoustourism.ca\/wp-content\/uploads\/2018\/02\/ITAC-logo-corporate-bilingual-standard@300x.png\",\"width\":2408,\"height\":701,\"caption\":\"Indigenous Tourism Association of Canada\"},\"image\":{\"@id\":\"https:\/\/dev.indigenoustourism.ca\/#\/schema\/logo\/image\/\"},\"sameAs\":[\"https:\/\/twitter.com\/itac_corporate\"]}]}<\/script>\n<!-- \/ Yoast SEO plugin. -->","yoast_head_json":{"title":"Adh\u00e9sion \u00e0 l'ATAC - Indigenous Tourism Association of Canada - DEV","description":"En tant que membre de l\u2019ATAC, vous b\u00e9n\u00e9ficiez de nombreux avantages et possibilit\u00e9s pour d\u00e9velopper votre entreprise. Toute personne ou organisation qui","robots":{"index":"noindex","follow":"follow","max-snippet":"max-snippet:-1","max-image-preview":"max-image-preview:large","max-video-preview":"max-video-preview:-1"},"og_locale":"fr_FR","og_type":"article","og_title":"Adh\u00e9sion \u00e0 l'ATAC - Indigenous Tourism Association of Canada - DEV","og_description":"En tant que membre de l\u2019ATAC, vous b\u00e9n\u00e9ficiez de nombreux avantages et possibilit\u00e9s pour d\u00e9velopper votre entreprise. Toute personne ou organisation qui","og_url":"https:\/\/dev.indigenoustourism.ca\/fr\/adhesion-a-latac\/","og_site_name":"Indigenous Tourism Association of Canada - DEV","article_modified_time":"2021-04-22T22:09:02+00:00","og_image":[{"width":1920,"height":1080,"url":"https:\/\/dev.indigenoustourism.ca\/wp-content\/uploads\/2020\/04\/ITAC-image-fallbacks-ITAC-Membership-FR.jpg","type":"image\/jpeg"}],"twitter_card":"summary_large_image","twitter_image":"https:\/\/dev.indigenoustourism.ca\/wp-content\/uploads\/2020\/04\/ITAC-image-fallbacks-ITAC-Membership-FR.jpg","twitter_site":"@itac_corporate","twitter_misc":{"Dur\u00e9e de lecture estim\u00e9e":"4 minutes"},"schema":{"@context":"https:\/\/schema.org","@graph":[{"@type":"WebPage","@id":"https:\/\/dev.indigenoustourism.ca\/fr\/adhesion-a-latac\/","url":"https:\/\/dev.indigenoustourism.ca\/fr\/adhesion-a-latac\/","name":"Adh\u00e9sion \u00e0 l'ATAC - Indigenous Tourism Association of Canada - DEV","isPartOf":{"@id":"https:\/\/dev.indigenoustourism.ca\/#website"},"datePublished":"2019-01-17T17:22:19+00:00","dateModified":"2021-04-22T22:09:02+00:00","description":"En tant que membre de l\u2019ATAC, vous b\u00e9n\u00e9ficiez de nombreux avantages et possibilit\u00e9s pour d\u00e9velopper votre entreprise. Toute personne ou organisation qui","breadcrumb":{"@id":"https:\/\/dev.indigenoustourism.ca\/fr\/adhesion-a-latac\/#breadcrumb"},"inLanguage":"fr-FR","potentialAction":[{"@type":"ReadAction","target":["https:\/\/dev.indigenoustourism.ca\/fr\/adhesion-a-latac\/"]}]},{"@type":"BreadcrumbList","@id":"https:\/\/dev.indigenoustourism.ca\/fr\/adhesion-a-latac\/#breadcrumb","itemListElement":[{"@type":"ListItem","position":1,"name":"Home","item":"https:\/\/dev.indigenoustourism.ca\/fr\/"},{"@type":"ListItem","position":2,"name":"Adh\u00e9sion \u00e0 l&rsquo;ATAC"}]},{"@type":"WebSite","@id":"https:\/\/dev.indigenoustourism.ca\/#website","url":"https:\/\/dev.indigenoustourism.ca\/","name":"Indigenous Tourism Association of Canada - DEV","description":"Corporate","publisher":{"@id":"https:\/\/dev.indigenoustourism.ca\/#organization"},"potentialAction":[{"@type":"SearchAction","target":{"@type":"EntryPoint","urlTemplate":"https:\/\/dev.indigenoustourism.ca\/?s={search_term_string}"},"query-input":"required name=search_term_string"}],"inLanguage":"fr-FR"},{"@type":"Organization","@id":"https:\/\/dev.indigenoustourism.ca\/#organization","name":"Indigenous Tourism Association of Canada","url":"https:\/\/dev.indigenoustourism.ca\/","logo":{"@type":"ImageObject","inLanguage":"fr-FR","@id":"https:\/\/dev.indigenoustourism.ca\/#\/schema\/logo\/image\/","url":"https:\/\/dev.indigenoustourism.ca\/wp-content\/uploads\/2018\/02\/ITAC-logo-corporate-bilingual-standard@300x.png","contentUrl":"https:\/\/dev.indigenoustourism.ca\/wp-content\/uploads\/2018\/02\/ITAC-logo-corporate-bilingual-standard@300x.png","width":2408,"height":701,"caption":"Indigenous Tourism Association of Canada"},"image":{"@id":"https:\/\/dev.indigenoustourism.ca\/#\/schema\/logo\/image\/"},"sameAs":["https:\/\/twitter.com\/itac_corporate"]}]}},"_links":{"self":[{"href":"https:\/\/dev.indigenoustourism.ca\/fr\/wp-json\/wp\/v2\/pages\/9333"}],"collection":[{"href":"https:\/\/dev.indigenoustourism.ca\/fr\/wp-json\/wp\/v2\/pages"}],"about":[{"href":"https:\/\/dev.indigenoustourism.ca\/fr\/wp-json\/wp\/v2\/types\/page"}],"author":[{"embeddable":true,"href":"https:\/\/dev.indigenoustourism.ca\/fr\/wp-json\/wp\/v2\/users\/1"}],"replies":[{"embeddable":true,"href":"https:\/\/dev.indigenoustourism.ca\/fr\/wp-json\/wp\/v2\/comments?post=9333"}],"version-history":[{"count":0,"href":"https:\/\/dev.indigenoustourism.ca\/fr\/wp-json\/wp\/v2\/pages\/9333\/revisions"}],"wp:attachment":[{"href":"https:\/\/dev.indigenoustourism.ca\/fr\/wp-json\/wp\/v2\/media?parent=9333"}],"curies":[{"name":"wp","href":"https:\/\/api.w.org\/{rel}","templated":true}]}}