{"id":9338,"date":"2019-01-15T17:37:23","date_gmt":"2019-01-16T01:37:23","guid":{"rendered":"https:\/\/indigenoustourism.ca\/corporate\/?page_id=9338"},"modified":"2019-03-29T11:54:40","modified_gmt":"2019-03-29T18:54:40","slug":"membership-application","status":"publish","type":"page","link":"https:\/\/dev.indigenoustourism.ca\/fr\/membership-application\/","title":{"rendered":"Demande d&rsquo;adh\u00e9sion"},"content":{"rendered":"<p>L\u2019ATAC encourage les entreprises de partout au Canada \u00e0 pr\u00e9senter une demande d&rsquo;adh\u00e9sion \u00e0 ATAC ainsi qu\u2019\u00e0 soutenir et d\u00e9velopper l&rsquo;industrie touristique autochtone au Canada. Si vous \u00eates pr\u00eat \u00e0 adh\u00e9rer en ligne, vous pouvez le faire en remplissant une nouvelle demande ou \u00e0 renouveler en utilisant les liens ci-dessous. Si vous pr\u00e9f\u00e9rez, vous pouvez \u00e9galement remplir le <a href=\"https:\/\/dev.indigenoustourism.ca\/wp-content\/uploads\/2019\/03\/19-01-ITAC-Membership-Application-Package-FR-v10.pdf\">formulaire papier<\/a> et nous l&rsquo;envoyer par la poste ou encore, par courriel.<\/p>\n<p>[su_button url=\u00a0\u00bbhttps:\/\/dev.indigenoustourism.ca\/fr\/demande-dadhesion-2019\/\u00a0\u00bb target=\u00a0\u00bbblank\u00a0\u00bb style=\u00a0\u00bbflat\u00a0\u00bb background=\u00a0\u00bb#323232&Prime; size=\u00a0\u00bb5&Prime; radius=\u00a0\u00bb10&Prime;]Demande d\u2019adh\u00e9sion[\/su_button]<\/p>\n<p>[su_button url=\u00a0\u00bbhttps:\/\/dev.indigenoustourism.ca\/fr\/adhesion-a-latac-2\/membership-renewal\/\u00a0\u00bb target=\u00a0\u00bbblank\u00a0\u00bb style=\u00a0\u00bbflat\u00a0\u00bb background=\u00a0\u00bb#323232&Prime; size=\u00a0\u00bb5&Prime; radius=\u00a0\u00bb10&Prime;]Renouvellement[\/su_button]<\/p>\n<p>[su_button url=\u00a0\u00bbhttps:\/\/dev.indigenoustourism.ca\/fr\/demande-dadhesion-option-marketing-2019\/\u00a0\u00bb target=\u00a0\u00bbblank\u00a0\u00bb style=\u00a0\u00bbflat\u00a0\u00bb background=\u00a0\u00bb#323232&Prime; size=\u00a0\u00bb5&Prime; radius=\u00a0\u00bb10&Prime;]Option Marketing[\/su_button]<\/p>\n<h2><strong>Entreprises du Qu\u00e9bec et de l\u2019Ontario<\/strong><\/h2>\n<p>Veuillez prendre note qu\u2019ATAC a sign\u00e9 des accords avec Tourisme autochtone Qu\u00e9bec (TAQ) et L\u2019association Touristique de l\u2019Ontario (ITO), en harmonisant nos processus d\u2019affiliation respectifs et en fournissant une adh\u00e9sion gratuite \u00e0 l\u2019ATAC pour toutes les entreprises membres de TAQ et ITO. Par cons\u00e9quent, les entreprises touristiques autochtones du Qu\u00e9bec et de l\u2019Ontario doivent se rendre sur\u00a0<a href=\"https:\/\/tourismeautochtone.com\/\">tourismeautochtone.com<\/a>\u00a0ou\u00a0<a href=\"https:\/\/indigenoustourismontario.ca\/\">IndigenousTourismOntario.ca<\/a>\u00a0pour obtenir de plus amples informations sur leurs processus d\u2019adh\u00e9sion.<\/p>\n<p>[su_button url=\u00a0\u00bbhttps:\/\/dev.indigenoustourism.ca\/fr\/demande-dadhesion-option-marketing-quebec-2019&Prime; target=\u00a0\u00bbblank\u00a0\u00bb style=\u00a0\u00bbflat\u00a0\u00bb background=\u00a0\u00bb#323232&Prime; size=\u00a0\u00bb5&Prime; radius=\u00a0\u00bb10&Prime;]Option Marketing Qu\u00e9bec[\/su_button]<\/p>\n<p>[su_button url=\u00a0\u00bbhttps:\/\/dev.indigenoustourism.ca\/fr\/demande-dadhesion-option-marketing-ontario-2019\/\u00a0\u00bb target=\u00a0\u00bbblank\u00a0\u00bb style=\u00a0\u00bbflat\u00a0\u00bb background=\u00a0\u00bb#323232&Prime; size=\u00a0\u00bb5&Prime; radius=\u00a0\u00bb10&Prime;]Option Marketing Ontario[\/su_button]<\/p>\n<h2>Des Questions?<\/h2>\n<p>Pour plus d\u2019informations sur ATAC, ou si vous avez besoins d\u2019assistance \u00e0 remplir votre demande d\u2019adh\u00e9sion, veuillez envoyer un courriel \u00e0\u00a0<a href=\"mailto:Membership@IndigenousTourism.ca\">Membership@IndigenousTourism.ca<\/a><\/p>\n","protected":false},"excerpt":{"rendered":"<p>L\u2019ATAC encourage les entreprises de partout au Canada \u00e0 pr\u00e9senter une demande d&rsquo;adh\u00e9sion \u00e0 ATAC ainsi qu\u2019\u00e0 soutenir et d\u00e9velopper l&rsquo;industrie touristique autochtone au Canada. Si vous \u00eates pr\u00eat \u00e0 adh\u00e9rer en ligne, vous pouvez le faire en remplissant une nouvelle demande ou \u00e0 renouveler en utilisant les liens ci-dessous. Si vous pr\u00e9f\u00e9rez, vous pouvez [&hellip;]<\/p>\n","protected":false},"author":1,"featured_media":0,"parent":0,"menu_order":0,"comment_status":"closed","ping_status":"closed","template":"","meta":[],"acf":[],"yoast_head":"<!-- This site is optimized with the Yoast SEO plugin v20.1 - https:\/\/yoast.com\/wordpress\/plugins\/seo\/ -->\n<title>Demande d&#039;adh\u00e9sion - Indigenous Tourism Association of Canada - DEV<\/title>\n<meta name=\"description\" content=\"L\u2019ATAC encourage les entreprises de partout au Canada \u00e0 pr\u00e9senter une demande d&#039;adh\u00e9sion \u00e0 ATAC ainsi qu\u2019\u00e0 soutenir et d\u00e9velopper l&#039;industrie touristique\" \/>\n<meta name=\"robots\" content=\"noindex, follow, max-snippet:-1, max-image-preview:large, max-video-preview:-1\" \/>\n<meta property=\"og:locale\" content=\"fr_FR\" \/>\n<meta property=\"og:type\" content=\"article\" \/>\n<meta property=\"og:title\" content=\"Demande d&#039;adh\u00e9sion - Indigenous Tourism Association of Canada - DEV\" \/>\n<meta property=\"og:description\" content=\"L\u2019ATAC encourage les entreprises de partout au Canada \u00e0 pr\u00e9senter une demande d&#039;adh\u00e9sion \u00e0 ATAC ainsi qu\u2019\u00e0 soutenir et d\u00e9velopper l&#039;industrie touristique\" \/>\n<meta property=\"og:url\" content=\"https:\/\/dev.indigenoustourism.ca\/fr\/membership-application\/\" \/>\n<meta property=\"og:site_name\" content=\"Indigenous Tourism Association of Canada - DEV\" \/>\n<meta property=\"article:modified_time\" content=\"2019-03-29T18:54:40+00:00\" \/>\n<meta property=\"og:image\" content=\"https:\/\/dev.indigenoustourism.ca\/wp-content\/uploads\/2020\/03\/ITAC-Fallback-Image.jpg\" \/>\n\t<meta property=\"og:image:width\" content=\"1920\" \/>\n\t<meta property=\"og:image:height\" content=\"1080\" \/>\n\t<meta property=\"og:image:type\" content=\"image\/jpeg\" \/>\n<meta name=\"twitter:card\" content=\"summary_large_image\" \/>\n<meta name=\"twitter:site\" content=\"@itac_corporate\" \/>\n<meta name=\"twitter:label1\" content=\"Dur\u00e9e de lecture estim\u00e9e\" \/>\n\t<meta name=\"twitter:data1\" content=\"1 minute\" \/>\n<script type=\"application\/ld+json\" class=\"yoast-schema-graph\">{\"@context\":\"https:\/\/schema.org\",\"@graph\":[{\"@type\":\"WebPage\",\"@id\":\"https:\/\/dev.indigenoustourism.ca\/fr\/membership-application\/\",\"url\":\"https:\/\/dev.indigenoustourism.ca\/fr\/membership-application\/\",\"name\":\"Demande d'adh\u00e9sion - Indigenous Tourism Association of Canada - DEV\",\"isPartOf\":{\"@id\":\"https:\/\/dev.indigenoustourism.ca\/#website\"},\"datePublished\":\"2019-01-16T01:37:23+00:00\",\"dateModified\":\"2019-03-29T18:54:40+00:00\",\"description\":\"L\u2019ATAC encourage les entreprises de partout au Canada \u00e0 pr\u00e9senter une demande d'adh\u00e9sion \u00e0 ATAC ainsi qu\u2019\u00e0 soutenir et d\u00e9velopper l'industrie touristique\",\"breadcrumb\":{\"@id\":\"https:\/\/dev.indigenoustourism.ca\/fr\/membership-application\/#breadcrumb\"},\"inLanguage\":\"fr-FR\",\"potentialAction\":[{\"@type\":\"ReadAction\",\"target\":[\"https:\/\/dev.indigenoustourism.ca\/fr\/membership-application\/\"]}]},{\"@type\":\"BreadcrumbList\",\"@id\":\"https:\/\/dev.indigenoustourism.ca\/fr\/membership-application\/#breadcrumb\",\"itemListElement\":[{\"@type\":\"ListItem\",\"position\":1,\"name\":\"Home\",\"item\":\"https:\/\/dev.indigenoustourism.ca\/fr\/\"},{\"@type\":\"ListItem\",\"position\":2,\"name\":\"Demande d&rsquo;adh\u00e9sion\"}]},{\"@type\":\"WebSite\",\"@id\":\"https:\/\/dev.indigenoustourism.ca\/#website\",\"url\":\"https:\/\/dev.indigenoustourism.ca\/\",\"name\":\"Indigenous Tourism Association of Canada - DEV\",\"description\":\"Corporate\",\"publisher\":{\"@id\":\"https:\/\/dev.indigenoustourism.ca\/#organization\"},\"potentialAction\":[{\"@type\":\"SearchAction\",\"target\":{\"@type\":\"EntryPoint\",\"urlTemplate\":\"https:\/\/dev.indigenoustourism.ca\/?s={search_term_string}\"},\"query-input\":\"required name=search_term_string\"}],\"inLanguage\":\"fr-FR\"},{\"@type\":\"Organization\",\"@id\":\"https:\/\/dev.indigenoustourism.ca\/#organization\",\"name\":\"Indigenous Tourism Association of Canada\",\"url\":\"https:\/\/dev.indigenoustourism.ca\/\",\"logo\":{\"@type\":\"ImageObject\",\"inLanguage\":\"fr-FR\",\"@id\":\"https:\/\/dev.indigenoustourism.ca\/#\/schema\/logo\/image\/\",\"url\":\"https:\/\/dev.indigenoustourism.ca\/wp-content\/uploads\/2018\/02\/ITAC-logo-corporate-bilingual-standard@300x.png\",\"contentUrl\":\"https:\/\/dev.indigenoustourism.ca\/wp-content\/uploads\/2018\/02\/ITAC-logo-corporate-bilingual-standard@300x.png\",\"width\":2408,\"height\":701,\"caption\":\"Indigenous Tourism Association of Canada\"},\"image\":{\"@id\":\"https:\/\/dev.indigenoustourism.ca\/#\/schema\/logo\/image\/\"},\"sameAs\":[\"https:\/\/twitter.com\/itac_corporate\"]}]}<\/script>\n<!-- \/ Yoast SEO plugin. -->","yoast_head_json":{"title":"Demande d'adh\u00e9sion - Indigenous Tourism Association of Canada - DEV","description":"L\u2019ATAC encourage les entreprises de partout au Canada \u00e0 pr\u00e9senter une demande d'adh\u00e9sion \u00e0 ATAC ainsi qu\u2019\u00e0 soutenir et d\u00e9velopper l'industrie touristique","robots":{"index":"noindex","follow":"follow","max-snippet":"max-snippet:-1","max-image-preview":"max-image-preview:large","max-video-preview":"max-video-preview:-1"},"og_locale":"fr_FR","og_type":"article","og_title":"Demande d'adh\u00e9sion - Indigenous Tourism Association of Canada - DEV","og_description":"L\u2019ATAC encourage les entreprises de partout au Canada \u00e0 pr\u00e9senter une demande d'adh\u00e9sion \u00e0 ATAC ainsi qu\u2019\u00e0 soutenir et d\u00e9velopper l'industrie touristique","og_url":"https:\/\/dev.indigenoustourism.ca\/fr\/membership-application\/","og_site_name":"Indigenous Tourism Association of Canada - DEV","article_modified_time":"2019-03-29T18:54:40+00:00","og_image":[{"width":1920,"height":1080,"url":"https:\/\/dev.indigenoustourism.ca\/wp-content\/uploads\/2020\/03\/ITAC-Fallback-Image.jpg","type":"image\/jpeg"}],"twitter_card":"summary_large_image","twitter_site":"@itac_corporate","twitter_misc":{"Dur\u00e9e de lecture estim\u00e9e":"1 minute"},"schema":{"@context":"https:\/\/schema.org","@graph":[{"@type":"WebPage","@id":"https:\/\/dev.indigenoustourism.ca\/fr\/membership-application\/","url":"https:\/\/dev.indigenoustourism.ca\/fr\/membership-application\/","name":"Demande d'adh\u00e9sion - Indigenous Tourism Association of Canada - DEV","isPartOf":{"@id":"https:\/\/dev.indigenoustourism.ca\/#website"},"datePublished":"2019-01-16T01:37:23+00:00","dateModified":"2019-03-29T18:54:40+00:00","description":"L\u2019ATAC encourage les entreprises de partout au Canada \u00e0 pr\u00e9senter une demande d'adh\u00e9sion \u00e0 ATAC ainsi qu\u2019\u00e0 soutenir et d\u00e9velopper l'industrie touristique","breadcrumb":{"@id":"https:\/\/dev.indigenoustourism.ca\/fr\/membership-application\/#breadcrumb"},"inLanguage":"fr-FR","potentialAction":[{"@type":"ReadAction","target":["https:\/\/dev.indigenoustourism.ca\/fr\/membership-application\/"]}]},{"@type":"BreadcrumbList","@id":"https:\/\/dev.indigenoustourism.ca\/fr\/membership-application\/#breadcrumb","itemListElement":[{"@type":"ListItem","position":1,"name":"Home","item":"https:\/\/dev.indigenoustourism.ca\/fr\/"},{"@type":"ListItem","position":2,"name":"Demande d&rsquo;adh\u00e9sion"}]},{"@type":"WebSite","@id":"https:\/\/dev.indigenoustourism.ca\/#website","url":"https:\/\/dev.indigenoustourism.ca\/","name":"Indigenous Tourism Association of Canada - DEV","description":"Corporate","publisher":{"@id":"https:\/\/dev.indigenoustourism.ca\/#organization"},"potentialAction":[{"@type":"SearchAction","target":{"@type":"EntryPoint","urlTemplate":"https:\/\/dev.indigenoustourism.ca\/?s={search_term_string}"},"query-input":"required name=search_term_string"}],"inLanguage":"fr-FR"},{"@type":"Organization","@id":"https:\/\/dev.indigenoustourism.ca\/#organization","name":"Indigenous Tourism Association of Canada","url":"https:\/\/dev.indigenoustourism.ca\/","logo":{"@type":"ImageObject","inLanguage":"fr-FR","@id":"https:\/\/dev.indigenoustourism.ca\/#\/schema\/logo\/image\/","url":"https:\/\/dev.indigenoustourism.ca\/wp-content\/uploads\/2018\/02\/ITAC-logo-corporate-bilingual-standard@300x.png","contentUrl":"https:\/\/dev.indigenoustourism.ca\/wp-content\/uploads\/2018\/02\/ITAC-logo-corporate-bilingual-standard@300x.png","width":2408,"height":701,"caption":"Indigenous Tourism Association of Canada"},"image":{"@id":"https:\/\/dev.indigenoustourism.ca\/#\/schema\/logo\/image\/"},"sameAs":["https:\/\/twitter.com\/itac_corporate"]}]}},"_links":{"self":[{"href":"https:\/\/dev.indigenoustourism.ca\/fr\/wp-json\/wp\/v2\/pages\/9338"}],"collection":[{"href":"https:\/\/dev.indigenoustourism.ca\/fr\/wp-json\/wp\/v2\/pages"}],"about":[{"href":"https:\/\/dev.indigenoustourism.ca\/fr\/wp-json\/wp\/v2\/types\/page"}],"author":[{"embeddable":true,"href":"https:\/\/dev.indigenoustourism.ca\/fr\/wp-json\/wp\/v2\/users\/1"}],"replies":[{"embeddable":true,"href":"https:\/\/dev.indigenoustourism.ca\/fr\/wp-json\/wp\/v2\/comments?post=9338"}],"version-history":[{"count":0,"href":"https:\/\/dev.indigenoustourism.ca\/fr\/wp-json\/wp\/v2\/pages\/9338\/revisions"}],"wp:attachment":[{"href":"https:\/\/dev.indigenoustourism.ca\/fr\/wp-json\/wp\/v2\/media?parent=9338"}],"curies":[{"name":"wp","href":"https:\/\/api.w.org\/{rel}","templated":true}]}}